{"id":964,"date":"2024-06-14T15:38:37","date_gmt":"2024-06-14T15:38:37","guid":{"rendered":"https:\/\/www.makyalstudio.com\/?post_type=product&#038;p=964"},"modified":"2025-12-02T00:00:48","modified_gmt":"2025-12-02T00:00:48","slug":"livermore","status":"publish","type":"product","link":"https:\/\/www.makyalstudio.com\/es\/producto\/livermore\/","title":{"rendered":"LIVERMORE"},"content":{"rendered":"<div>Beneficios:<\/div>\n<div>\u2022Shapes and defines the waist, abdomen, and back.<\/div>\n<div>\u2022Lifts the buttocks and smooths the legs.<\/div>\n<div>\u2022Mejora la postura y proporciona soporte lumbar.<\/div>\n<div>\u2022Firm, even compression with lasting comfort.<\/div>\n<div>\u2022Ideal for daily wear or post-surgery use.<\/div>","protected":false},"excerpt":{"rendered":"<p>La faja moldeadora LIVERMORE est\u00e1 dise\u00f1ada para esculpir tu figura y realzar tus curvas naturales. Sus 8 varillas de acero proporcionan una sujeci\u00f3n firme en la cintura, el abdomen y la espalda, ayud\u00e1ndote a conseguir una silueta de reloj de arena perfectamente definida.<\/p>\n<p>Con tres niveles de ganchos frontales y tirantes ajustables, ofrece un ajuste personalizado que se adapta c\u00f3modamente a tu cuerpo y te brinda soporte durante todo el d\u00eda. Adem\u00e1s, cuenta con una pr\u00e1ctica cremallera en la zona \u00edntima y un dise\u00f1o que realza los gl\u00fateos de forma natural, mejorando tu figura sin sacrificar la comodidad.<\/p>","protected":false},"featured_media":51274,"template":"","meta":{"_joinchat":[]},"product_brand":[],"product_cat":[52],"product_tag":[187],"class_list":{"0":"post-964","1":"product","2":"type-product","3":"status-publish","4":"has-post-thumbnail","6":"product_cat-post-surgical-girdles","7":"product_tag-fitness","10":"first","11":"instock","12":"taxable","13":"shipping-taxable","14":"purchasable","15":"product-type-variable"},"acf":[],"_links":{"self":[{"href":"https:\/\/www.makyalstudio.com\/es\/wp-json\/wp\/v2\/product\/964","targetHints":{"allow":["GET"]}}],"collection":[{"href":"https:\/\/www.makyalstudio.com\/es\/wp-json\/wp\/v2\/product"}],"about":[{"href":"https:\/\/www.makyalstudio.com\/es\/wp-json\/wp\/v2\/types\/product"}],"version-history":[{"count":4,"href":"https:\/\/www.makyalstudio.com\/es\/wp-json\/wp\/v2\/product\/964\/revisions"}],"predecessor-version":[{"id":51506,"href":"https:\/\/www.makyalstudio.com\/es\/wp-json\/wp\/v2\/product\/964\/revisions\/51506"}],"wp:featuredmedia":[{"embeddable":true,"href":"https:\/\/www.makyalstudio.com\/es\/wp-json\/wp\/v2\/media\/51274"}],"wp:attachment":[{"href":"https:\/\/www.makyalstudio.com\/es\/wp-json\/wp\/v2\/media?parent=964"}],"wp:term":[{"taxonomy":"product_brand","embeddable":true,"href":"https:\/\/www.makyalstudio.com\/es\/wp-json\/wp\/v2\/product_brand?post=964"},{"taxonomy":"product_cat","embeddable":true,"href":"https:\/\/www.makyalstudio.com\/es\/wp-json\/wp\/v2\/product_cat?post=964"},{"taxonomy":"product_tag","embeddable":true,"href":"https:\/\/www.makyalstudio.com\/es\/wp-json\/wp\/v2\/product_tag?post=964"}],"curies":[{"name":"wp","href":"https:\/\/api.w.org\/{rel}","templated":true}]}}