{"id":920,"date":"2024-06-14T00:05:42","date_gmt":"2024-06-14T00:05:42","guid":{"rendered":"https:\/\/www.makyalstudio.com\/?post_type=product&#038;p=920"},"modified":"2025-12-02T00:00:47","modified_gmt":"2025-12-02T00:00:47","slug":"bellflower","status":"publish","type":"product","link":"https:\/\/www.makyalstudio.com\/es\/producto\/bellflower\/","title":{"rendered":"BELLFLOWER"},"content":{"rendered":"","protected":false},"excerpt":{"rendered":"<p>Este body de alta compresi\u00f3n act\u00faa sobre todo tu cuerpo: comprime la cintura, realza los gl\u00fateos, moldea el abdomen, incluye un sujetador incorporado, contiene l\u00e1tex y vitaminas que favorecen la p\u00e9rdida de peso y estiliza las caderas. Todo esto mientras moldea y suaviza las zonas menos favorecedoras y resalta tus mejores atributos. \u00a1Con esta faja, siempre lucir\u00e1s espectacular cada vez que salgas de casa!<\/p>","protected":false},"featured_media":51279,"template":"","meta":{"_joinchat":[]},"product_brand":[],"product_cat":[53],"product_tag":[187],"class_list":{"0":"post-920","1":"product","2":"type-product","3":"status-publish","4":"has-post-thumbnail","6":"product_cat-postpartum-girdles","7":"product_tag-fitness","10":"first","11":"instock","12":"taxable","13":"shipping-taxable","14":"purchasable","15":"product-type-variable"},"acf":[],"_links":{"self":[{"href":"https:\/\/www.makyalstudio.com\/es\/wp-json\/wp\/v2\/product\/920","targetHints":{"allow":["GET"]}}],"collection":[{"href":"https:\/\/www.makyalstudio.com\/es\/wp-json\/wp\/v2\/product"}],"about":[{"href":"https:\/\/www.makyalstudio.com\/es\/wp-json\/wp\/v2\/types\/product"}],"version-history":[{"count":4,"href":"https:\/\/www.makyalstudio.com\/es\/wp-json\/wp\/v2\/product\/920\/revisions"}],"predecessor-version":[{"id":51511,"href":"https:\/\/www.makyalstudio.com\/es\/wp-json\/wp\/v2\/product\/920\/revisions\/51511"}],"wp:featuredmedia":[{"embeddable":true,"href":"https:\/\/www.makyalstudio.com\/es\/wp-json\/wp\/v2\/media\/51279"}],"wp:attachment":[{"href":"https:\/\/www.makyalstudio.com\/es\/wp-json\/wp\/v2\/media?parent=920"}],"wp:term":[{"taxonomy":"product_brand","embeddable":true,"href":"https:\/\/www.makyalstudio.com\/es\/wp-json\/wp\/v2\/product_brand?post=920"},{"taxonomy":"product_cat","embeddable":true,"href":"https:\/\/www.makyalstudio.com\/es\/wp-json\/wp\/v2\/product_cat?post=920"},{"taxonomy":"product_tag","embeddable":true,"href":"https:\/\/www.makyalstudio.com\/es\/wp-json\/wp\/v2\/product_tag?post=920"}],"curies":[{"name":"wp","href":"https:\/\/api.w.org\/{rel}","templated":true}]}}